{"id":3561,"date":"2025-03-02T21:42:59","date_gmt":"2025-03-02T19:42:59","guid":{"rendered":"https:\/\/mainostyot.fi\/?page_id=3561"},"modified":"2026-03-02T08:47:48","modified_gmt":"2026-03-02T06:47:48","slug":"ukk","status":"publish","type":"page","link":"https:\/\/mainostyot.fi\/index.php\/ukk\/","title":{"rendered":"Usein kysytty\u00e4"},"content":{"rendered":"\t\t<div data-elementor-type=\"wp-page\" data-elementor-id=\"3561\" class=\"elementor elementor-3561\">\n\t\t\t\t<div class=\"elementor-element elementor-element-37d3d30a e-flex e-con-boxed wpr-particle-no wpr-jarallax-no wpr-parallax-no wpr-sticky-section-no e-con e-parent\" data-id=\"37d3d30a\" data-element_type=\"container\" data-e-type=\"container\" data-settings=\"{&quot;background_background&quot;:&quot;classic&quot;}\">\n\t\t\t\t\t<div class=\"e-con-inner\">\n\t\t\t\t<div class=\"elementor-element elementor-element-61de9c68 elementor-widget elementor-widget-heading\" data-id=\"61de9c68\" data-element_type=\"widget\" data-e-type=\"widget\" data-widget_type=\"heading.default\">\n\t\t\t\t<div class=\"elementor-widget-container\">\n\t\t\t\t\t<h1 class=\"elementor-heading-title elementor-size-default\">Usein kysytty\u00e4<\/h1>\t\t\t\t<\/div>\n\t\t\t\t<\/div>\n\t\t\t\t\t<\/div>\n\t\t\t\t<\/div>\n\t\t<div class=\"elementor-element elementor-element-68436aee e-flex e-con-boxed wpr-particle-no wpr-jarallax-no wpr-parallax-no wpr-sticky-section-no e-con e-parent\" data-id=\"68436aee\" data-element_type=\"container\" data-e-type=\"container\">\n\t\t\t\t\t<div class=\"e-con-inner\">\n\t\t\t\t<div class=\"elementor-element elementor-element-4d4c5be5 elementor-widget elementor-widget-n-accordion\" data-id=\"4d4c5be5\" data-element_type=\"widget\" data-e-type=\"widget\" data-settings=\"{&quot;default_state&quot;:&quot;all_collapsed&quot;,&quot;max_items_expended&quot;:&quot;multiple&quot;,&quot;n_accordion_animation_duration&quot;:{&quot;unit&quot;:&quot;ms&quot;,&quot;size&quot;:400,&quot;sizes&quot;:[]}}\" data-widget_type=\"nested-accordion.default\">\n\t\t\t\t<div class=\"elementor-widget-container\">\n\t\t\t\t\t\t\t<div class=\"e-n-accordion\" aria-label=\"Accordion. Open links with Enter or Space, close with Escape, and navigate with Arrow Keys\">\n\t\t\t\t\t\t<details id=\"e-n-accordion-item-1290\" class=\"e-n-accordion-item\" >\n\t\t\t\t<summary class=\"e-n-accordion-item-title\" data-accordion-index=\"1\" tabindex=\"0\" aria-expanded=\"false\" aria-controls=\"e-n-accordion-item-1290\" >\n\t\t\t\t\t<span class='e-n-accordion-item-title-header'><div class=\"e-n-accordion-item-title-text\"> Haalistuuko teippi? <\/div><\/span>\n\t\t\t\t\t\t\t<span class='e-n-accordion-item-title-icon'>\n\t\t\t<span class='e-opened' ><i aria-hidden=\"true\" class=\"fas fa-minus\"><\/i><\/span>\n\t\t\t<span class='e-closed'><i aria-hidden=\"true\" class=\"fas fa-plus\"><\/i><\/span>\n\t\t<\/span>\n\n\t\t\t\t\t\t<\/summary>\n\t\t\t\t<div role=\"region\" aria-labelledby=\"e-n-accordion-item-1290\" class=\"elementor-element elementor-element-385d6057 e-con-full e-flex wpr-particle-no wpr-jarallax-no wpr-parallax-no wpr-sticky-section-no e-con e-child\" data-id=\"385d6057\" data-element_type=\"container\" data-e-type=\"container\">\n\t\t\t\t<div class=\"elementor-element elementor-element-568bd85 elementor-widget elementor-widget-text-editor\" data-id=\"568bd85\" data-element_type=\"widget\" data-e-type=\"widget\" data-widget_type=\"text-editor.default\">\n\t\t\t\t<div class=\"elementor-widget-container\">\n\t\t\t\t\t\t\t\t\t<p>K\u00e4yt\u00e4mme teippauksissa laadukkaita materiaaleja. Tulostetut teipit laminoidaan, jolloin laminaatti suojaa fyysiselt\u00e4 kulutukselta sek\u00e4 auringon UV-s\u00e4teilt\u00e4. L\u00e4piv\u00e4rj\u00e4tyiss\u00e4 teipeiss\u00e4, materiaalista ja teipatusta pinnasta riippuen, ulkokesto 7v. \u2192<\/p>\t\t\t\t\t\t\t\t<\/div>\n\t\t\t\t<\/div>\n\t\t\t\t<\/div>\n\t\t\t\t\t<\/details>\n\t\t\t\t\t\t<details id=\"e-n-accordion-item-1291\" class=\"e-n-accordion-item\" >\n\t\t\t\t<summary class=\"e-n-accordion-item-title\" data-accordion-index=\"2\" tabindex=\"-1\" aria-expanded=\"false\" aria-controls=\"e-n-accordion-item-1291\" >\n\t\t\t\t\t<span class='e-n-accordion-item-title-header'><div class=\"e-n-accordion-item-title-text\"> Kest\u00e4\u00e4k\u00f6 teippaus pesua? <\/div><\/span>\n\t\t\t\t\t\t\t<span class='e-n-accordion-item-title-icon'>\n\t\t\t<span class='e-opened' ><i aria-hidden=\"true\" class=\"fas fa-minus\"><\/i><\/span>\n\t\t\t<span class='e-closed'><i aria-hidden=\"true\" class=\"fas fa-plus\"><\/i><\/span>\n\t\t<\/span>\n\n\t\t\t\t\t\t<\/summary>\n\t\t\t\t<div role=\"region\" aria-labelledby=\"e-n-accordion-item-1291\" class=\"elementor-element elementor-element-653fa89 e-con-full e-flex wpr-particle-no wpr-jarallax-no wpr-parallax-no wpr-sticky-section-no e-con e-child\" data-id=\"653fa89\" data-element_type=\"container\" data-e-type=\"container\">\n\t\t\t\t<div class=\"elementor-element elementor-element-8f388f6 elementor-widget elementor-widget-text-editor\" data-id=\"8f388f6\" data-element_type=\"widget\" data-e-type=\"widget\" data-widget_type=\"text-editor.default\">\n\t\t\t\t<div class=\"elementor-widget-container\">\n\t\t\t\t\t\t\t\t\t<p><strong>Ikkunateippaukset:<br \/><\/strong>Teippimme kest\u00e4v\u00e4t ikkunoiden normaalin pesun ilman ter\u00e4v\u00e4\u00e4 lastaa.<\/p><p><strong>Ajoneuvoteippaukset:<br \/><\/strong>Suosittelemme k\u00e4sinpesua, mutta koneellinen pesu on my\u00f6s mahdollista tietyin ehdoin. Saat meilt\u00e4 pesuohjeet autoteippauksen yhteydess\u00e4.<\/p>\t\t\t\t\t\t\t\t<\/div>\n\t\t\t\t<\/div>\n\t\t\t\t<\/div>\n\t\t\t\t\t<\/details>\n\t\t\t\t\t\t<details id=\"e-n-accordion-item-1292\" class=\"e-n-accordion-item\" >\n\t\t\t\t<summary class=\"e-n-accordion-item-title\" data-accordion-index=\"3\" tabindex=\"-1\" aria-expanded=\"false\" aria-controls=\"e-n-accordion-item-1292\" >\n\t\t\t\t\t<span class='e-n-accordion-item-title-header'><div class=\"e-n-accordion-item-title-text\"> Kuinka paljon teippaukset maksavat? <\/div><\/span>\n\t\t\t\t\t\t\t<span class='e-n-accordion-item-title-icon'>\n\t\t\t<span class='e-opened' ><i aria-hidden=\"true\" class=\"fas fa-minus\"><\/i><\/span>\n\t\t\t<span class='e-closed'><i aria-hidden=\"true\" class=\"fas fa-plus\"><\/i><\/span>\n\t\t<\/span>\n\n\t\t\t\t\t\t<\/summary>\n\t\t\t\t<div role=\"region\" aria-labelledby=\"e-n-accordion-item-1292\" class=\"elementor-element elementor-element-b431dcf e-con-full e-flex wpr-particle-no wpr-jarallax-no wpr-parallax-no wpr-sticky-section-no e-con e-child\" data-id=\"b431dcf\" data-element_type=\"container\" data-e-type=\"container\">\n\t\t\t\t<div class=\"elementor-element elementor-element-26f0912 elementor-widget elementor-widget-text-editor\" data-id=\"26f0912\" data-element_type=\"widget\" data-e-type=\"widget\" data-widget_type=\"text-editor.default\">\n\t\t\t\t<div class=\"elementor-widget-container\">\n\t\t\t\t\t\t\t\t\t<p>Mainosteippausten hinta on monen tekij\u00e4n summa, johon vaikuttaa teipattava pinta-ala, k\u00e4ytett\u00e4v\u00e4 materiaali sek\u00e4 suunnitteluun k\u00e4ytetty aika, mik\u00e4li valmista aineistoa ei ole.<\/p><p>Kerro meille toiveesi ja niin laskemme sinulle hinnan tapauskohtaisesti.<\/p>\t\t\t\t\t\t\t\t<\/div>\n\t\t\t\t<\/div>\n\t\t\t\t<\/div>\n\t\t\t\t\t<\/details>\n\t\t\t\t\t\t<details id=\"e-n-accordion-item-1293\" class=\"e-n-accordion-item\" >\n\t\t\t\t<summary class=\"e-n-accordion-item-title\" data-accordion-index=\"4\" tabindex=\"-1\" aria-expanded=\"false\" aria-controls=\"e-n-accordion-item-1293\" >\n\t\t\t\t\t<span class='e-n-accordion-item-title-header'><div class=\"e-n-accordion-item-title-text\"> Miten peilikalvo toimii? <\/div><\/span>\n\t\t\t\t\t\t\t<span class='e-n-accordion-item-title-icon'>\n\t\t\t<span class='e-opened' ><i aria-hidden=\"true\" class=\"fas fa-minus\"><\/i><\/span>\n\t\t\t<span class='e-closed'><i aria-hidden=\"true\" class=\"fas fa-plus\"><\/i><\/span>\n\t\t<\/span>\n\n\t\t\t\t\t\t<\/summary>\n\t\t\t\t<div role=\"region\" aria-labelledby=\"e-n-accordion-item-1293\" class=\"elementor-element elementor-element-791ff41 e-con-full e-flex wpr-particle-no wpr-jarallax-no wpr-parallax-no wpr-sticky-section-no e-con e-child\" data-id=\"791ff41\" data-element_type=\"container\" data-e-type=\"container\">\n\t\t\t\t<div class=\"elementor-element elementor-element-88c0b89 elementor-widget elementor-widget-text-editor\" data-id=\"88c0b89\" data-element_type=\"widget\" data-e-type=\"widget\" data-widget_type=\"text-editor.default\">\n\t\t\t\t<div class=\"elementor-widget-container\">\n\t\t\t\t\t\t\t\t\t<p>Peilikalvo peilaa voimakkaamman valon suuntaan. Mik\u00e4li ulkona on valoisampaa kuin sis\u00e4ll\u00e4, peilikalvo peilaa ulosp\u00e4in. Jo huoneistossa on valoisampaa kuin ulkona kalvo peilaa sis\u00e4\u00e4np\u00e4in. Kun valon suunta muuttuu niin samalla muuttuu n\u00e4kyvyyden suunta.<\/p>\t\t\t\t\t\t\t\t<\/div>\n\t\t\t\t<\/div>\n\t\t\t\t<\/div>\n\t\t\t\t\t<\/details>\n\t\t\t\t\t\t<details id=\"e-n-accordion-item-1294\" class=\"e-n-accordion-item\" >\n\t\t\t\t<summary class=\"e-n-accordion-item-title\" data-accordion-index=\"5\" tabindex=\"-1\" aria-expanded=\"false\" aria-controls=\"e-n-accordion-item-1294\" >\n\t\t\t\t\t<span class='e-n-accordion-item-title-header'><div class=\"e-n-accordion-item-title-text\"> Valmistelut ennen ikkuna- tai autoteippausta? <\/div><\/span>\n\t\t\t\t\t\t\t<span class='e-n-accordion-item-title-icon'>\n\t\t\t<span class='e-opened' ><i aria-hidden=\"true\" class=\"fas fa-minus\"><\/i><\/span>\n\t\t\t<span class='e-closed'><i aria-hidden=\"true\" class=\"fas fa-plus\"><\/i><\/span>\n\t\t<\/span>\n\n\t\t\t\t\t\t<\/summary>\n\t\t\t\t<div role=\"region\" aria-labelledby=\"e-n-accordion-item-1294\" class=\"elementor-element elementor-element-63d424c e-con-full e-flex wpr-particle-no wpr-jarallax-no wpr-parallax-no wpr-sticky-section-no e-con e-child\" data-id=\"63d424c\" data-element_type=\"container\" data-e-type=\"container\">\n\t\t\t\t<div class=\"elementor-element elementor-element-548f17a elementor-widget elementor-widget-text-editor\" data-id=\"548f17a\" data-element_type=\"widget\" data-e-type=\"widget\" data-widget_type=\"text-editor.default\">\n\t\t\t\t<div class=\"elementor-widget-container\">\n\t\t\t\t\t\t\t\t\t<p><strong>Ikkunateippaukset:<br \/><\/strong>Asentajamme pesev\u00e4t teipattavat ikkunat, joten sinun ei tarvitse pest\u00e4 niit\u00e4 ennen asennusta.<\/p><p><strong>Ajoneuvoteippaukset:<br \/><\/strong>Mahtavaa olisi, ett\u00e4 auto tulisi meille teipattavaksi autopesun kautta mik\u00e4li se on kovin kurainen, mutta pesemme auton mik\u00e4li t\u00e4m\u00e4 ei ole mahdollista.<\/p>\t\t\t\t\t\t\t\t<\/div>\n\t\t\t\t<\/div>\n\t\t\t\t<\/div>\n\t\t\t\t\t<\/details>\n\t\t\t\t\t\t<details id=\"e-n-accordion-item-1295\" class=\"e-n-accordion-item\" >\n\t\t\t\t<summary class=\"e-n-accordion-item-title\" data-accordion-index=\"6\" tabindex=\"-1\" aria-expanded=\"false\" aria-controls=\"e-n-accordion-item-1295\" >\n\t\t\t\t\t<span class='e-n-accordion-item-title-header'><div class=\"e-n-accordion-item-title-text\"> Teettek\u00f6 asuntovaunujen ja -autojen entis\u00f6intiteippauksia? <\/div><\/span>\n\t\t\t\t\t\t\t<span class='e-n-accordion-item-title-icon'>\n\t\t\t<span class='e-opened' ><i aria-hidden=\"true\" class=\"fas fa-minus\"><\/i><\/span>\n\t\t\t<span class='e-closed'><i aria-hidden=\"true\" class=\"fas fa-plus\"><\/i><\/span>\n\t\t<\/span>\n\n\t\t\t\t\t\t<\/summary>\n\t\t\t\t<div role=\"region\" aria-labelledby=\"e-n-accordion-item-1295\" class=\"elementor-element elementor-element-a61c71e e-con-full e-flex wpr-particle-no wpr-jarallax-no wpr-parallax-no wpr-sticky-section-no e-con e-child\" data-id=\"a61c71e\" data-element_type=\"container\" data-e-type=\"container\">\n\t\t\t\t<div class=\"elementor-element elementor-element-ddfd36a elementor-widget elementor-widget-text-editor\" data-id=\"ddfd36a\" data-element_type=\"widget\" data-e-type=\"widget\" data-widget_type=\"text-editor.default\">\n\t\t\t\t<div class=\"elementor-widget-container\">\n\t\t\t\t\t\t\t\t\t<p>Keskitymme ensisijaisesti mainosteippauksiin.<br \/>Emme valitettavasti toteuta asuntoautojen ja vaunujen entis\u00f6intiteippauksia.<\/p>\t\t\t\t\t\t\t\t<\/div>\n\t\t\t\t<\/div>\n\t\t\t\t<\/div>\n\t\t\t\t\t<\/details>\n\t\t\t\t\t\t<details id=\"e-n-accordion-item-1296\" class=\"e-n-accordion-item\" >\n\t\t\t\t<summary class=\"e-n-accordion-item-title\" data-accordion-index=\"7\" tabindex=\"-1\" aria-expanded=\"false\" aria-controls=\"e-n-accordion-item-1296\" >\n\t\t\t\t\t<span class='e-n-accordion-item-title-header'><div class=\"e-n-accordion-item-title-text\"> Teettek\u00f6 auton lasien tummennuksia? <\/div><\/span>\n\t\t\t\t\t\t\t<span class='e-n-accordion-item-title-icon'>\n\t\t\t<span class='e-opened' ><i aria-hidden=\"true\" class=\"fas fa-minus\"><\/i><\/span>\n\t\t\t<span class='e-closed'><i aria-hidden=\"true\" class=\"fas fa-plus\"><\/i><\/span>\n\t\t<\/span>\n\n\t\t\t\t\t\t<\/summary>\n\t\t\t\t<div role=\"region\" aria-labelledby=\"e-n-accordion-item-1296\" class=\"elementor-element elementor-element-5967826 e-con-full e-flex wpr-particle-no wpr-jarallax-no wpr-parallax-no wpr-sticky-section-no e-con e-child\" data-id=\"5967826\" data-element_type=\"container\" data-e-type=\"container\">\n\t\t\t\t<div class=\"elementor-element elementor-element-651965f elementor-widget elementor-widget-text-editor\" data-id=\"651965f\" data-element_type=\"widget\" data-e-type=\"widget\" data-widget_type=\"text-editor.default\">\n\t\t\t\t<div class=\"elementor-widget-container\">\n\t\t\t\t\t\t\t\t\t<p>Palveluumme eiv\u00e4t kuulu auton lasien tummennukset.<\/p><p>Asennamme kuitenkin kiinteist\u00f6kalvoja toimitilojen ikkunoihin (peilikalvot, auringonsuojakalvot ja turvakalvot).<\/p>\t\t\t\t\t\t\t\t<\/div>\n\t\t\t\t<\/div>\n\t\t\t\t<\/div>\n\t\t\t\t\t<\/details>\n\t\t\t\t\t\t<details id=\"e-n-accordion-item-1297\" class=\"e-n-accordion-item\" >\n\t\t\t\t<summary class=\"e-n-accordion-item-title\" data-accordion-index=\"8\" tabindex=\"-1\" aria-expanded=\"false\" aria-controls=\"e-n-accordion-item-1297\" >\n\t\t\t\t\t<span class='e-n-accordion-item-title-header'><div class=\"e-n-accordion-item-title-text\"> Saako meilt\u00e4 painatuksia vaatteisiin, peliasuihin tms.? <\/div><\/span>\n\t\t\t\t\t\t\t<span class='e-n-accordion-item-title-icon'>\n\t\t\t<span class='e-opened' ><i aria-hidden=\"true\" class=\"fas fa-minus\"><\/i><\/span>\n\t\t\t<span class='e-closed'><i aria-hidden=\"true\" class=\"fas fa-plus\"><\/i><\/span>\n\t\t<\/span>\n\n\t\t\t\t\t\t<\/summary>\n\t\t\t\t<div role=\"region\" aria-labelledby=\"e-n-accordion-item-1297\" class=\"elementor-element elementor-element-c101ebe e-con-full e-flex wpr-particle-no wpr-jarallax-no wpr-parallax-no wpr-sticky-section-no e-con e-child\" data-id=\"c101ebe\" data-element_type=\"container\" data-e-type=\"container\">\n\t\t\t\t<div class=\"elementor-element elementor-element-925aef9 elementor-widget elementor-widget-text-editor\" data-id=\"925aef9\" data-element_type=\"widget\" data-e-type=\"widget\" data-widget_type=\"text-editor.default\">\n\t\t\t\t<div class=\"elementor-widget-container\">\n\t\t\t\t\t\t\t\t\t<p>Meid\u00e4n palveluihimme eiv\u00e4t kuulu vaatteiden, peliasujen tai vastaavien tuotteiden painatus.<br \/>Tekstiilipainatuksissa voit k\u00e4\u00e4nty\u00e4 meid\u00e4n kanssa samoissa toimitiloissa olevan Sericopyn puoleen.<\/p><p>Heid\u00e4n yhteystietonsa l\u00f6yd\u00e4t sivustolta <a href=\"https:\/\/sericopy.com\/\" target=\"_blank\" rel=\"noopener nofollow\">sericopy.com<\/a><\/p>\t\t\t\t\t\t\t\t<\/div>\n\t\t\t\t<\/div>\n\t\t\t\t<\/div>\n\t\t\t\t\t<\/details>\n\t\t\t\t\t<\/div>\n\t\t\t\t\t\t<\/div>\n\t\t\t\t<\/div>\n\t\t\t\t\t<\/div>\n\t\t\t\t<\/div>\n\t\t<div class=\"elementor-element elementor-element-54fb0db5 e-flex e-con-boxed wpr-particle-no wpr-jarallax-no wpr-parallax-no wpr-sticky-section-no e-con e-parent\" data-id=\"54fb0db5\" data-element_type=\"container\" data-e-type=\"container\">\n\t\t\t\t\t<div class=\"e-con-inner\">\n\t\t\t\t<div class=\"elementor-element elementor-element-4cccfaca elementor-align-center elementor-widget elementor-widget-button\" data-id=\"4cccfaca\" data-element_type=\"widget\" data-e-type=\"widget\" data-widget_type=\"button.default\">\n\t\t\t\t<div class=\"elementor-widget-container\">\n\t\t\t\t\t\t\t\t\t<div class=\"elementor-button-wrapper\">\n\t\t\t\t\t<a class=\"elementor-button elementor-button-link elementor-size-sm\" href=\"https:\/\/mainostyot.fi\/index.php\/otayhteytta\/\">\n\t\t\t\t\t\t<span class=\"elementor-button-content-wrapper\">\n\t\t\t\t\t\t\t\t\t<span class=\"elementor-button-text\">Ota yhteytt\u00e4<\/span>\n\t\t\t\t\t<\/span>\n\t\t\t\t\t<\/a>\n\t\t\t\t<\/div>\n\t\t\t\t\t\t\t\t<\/div>\n\t\t\t\t<\/div>\n\t\t\t\t\t<\/div>\n\t\t\t\t<\/div>\n\t\t\t\t<\/div>\n\t\t","protected":false},"excerpt":{"rendered":"<p>Usein kysytty\u00e4 Haalistuuko teippi? K\u00e4yt\u00e4mme teippauksissa laadukkaita materiaaleja. Tulostetut teipit laminoidaan, jolloin laminaatti suojaa fyysiselt\u00e4 kulutukselta sek\u00e4 auringon UV-s\u00e4teilt\u00e4. L\u00e4piv\u00e4rj\u00e4tyiss\u00e4 teipeiss\u00e4, materiaalista ja teipatusta pinnasta riippuen, ulkokesto 7v. \u2192 Kest\u00e4\u00e4k\u00f6 teippaus pesua? Ikkunateippaukset:Teippimme kest\u00e4v\u00e4t ikkunoiden normaalin pesun ilman ter\u00e4v\u00e4\u00e4 lastaa. Ajoneuvoteippaukset:Suosittelemme k\u00e4sinpesua, mutta koneellinen pesu on my\u00f6s mahdollista tietyin ehdoin. Saat meilt\u00e4 pesuohjeet autoteippauksen yhteydess\u00e4. Kuinka paljon teippaukset maksavat? Mainosteippausten hinta on monen tekij\u00e4n summa, johon vaikuttaa teipattava pinta-ala, k\u00e4ytett\u00e4v\u00e4 materiaali sek\u00e4 suunnitteluun k\u00e4ytetty aika, mik\u00e4li valmista aineistoa ei ole. Kerro meille toiveesi ja niin laskemme sinulle hinnan tapauskohtaisesti. Miten peilikalvo toimii? Peilikalvo peilaa voimakkaamman valon suuntaan. Mik\u00e4li ulkona on valoisampaa kuin sis\u00e4ll\u00e4, peilikalvo peilaa ulosp\u00e4in. Jo huoneistossa on valoisampaa kuin ulkona kalvo peilaa sis\u00e4\u00e4np\u00e4in. Kun valon suunta muuttuu niin samalla muuttuu n\u00e4kyvyyden suunta. Valmistelut ennen ikkuna- tai autoteippausta? Ikkunateippaukset:Asentajamme pesev\u00e4t teipattavat ikkunat, joten sinun ei tarvitse pest\u00e4 niit\u00e4 ennen asennusta. Ajoneuvoteippaukset:Mahtavaa olisi, ett\u00e4 auto tulisi meille teipattavaksi autopesun kautta mik\u00e4li se on kovin kurainen, mutta pesemme auton mik\u00e4li t\u00e4m\u00e4 ei ole mahdollista. Teettek\u00f6 asuntovaunujen ja -autojen entis\u00f6intiteippauksia? Keskitymme ensisijaisesti mainosteippauksiin.Emme valitettavasti toteuta asuntoautojen ja vaunujen entis\u00f6intiteippauksia. Teettek\u00f6 auton lasien tummennuksia? Palveluumme eiv\u00e4t kuulu auton lasien tummennukset. Asennamme kuitenkin kiinteist\u00f6kalvoja toimitilojen ikkunoihin (peilikalvot, auringonsuojakalvot ja turvakalvot). Saako meilt\u00e4 painatuksia vaatteisiin, peliasuihin tms.? Meid\u00e4n palveluihimme eiv\u00e4t kuulu vaatteiden, peliasujen tai vastaavien tuotteiden painatus.Tekstiilipainatuksissa voit k\u00e4\u00e4nty\u00e4 meid\u00e4n kanssa samoissa toimitiloissa olevan Sericopyn puoleen. Heid\u00e4n yhteystietonsa l\u00f6yd\u00e4t sivustolta sericopy.com K\u00e4yt\u00e4mme teippauksissa laadukkaita materiaaleja. Tulostetut teipit laminoidaan, jolloin laminaatti suojaa fyysiselt\u00e4 kulutukselta sek\u00e4 auringon UV-s\u00e4teilt\u00e4. L\u00e4piv\u00e4rj\u00e4tyiss\u00e4 teipeiss\u00e4, materiaalista ja teipatusta pinnasta riippuen, ulkokesto 7v. \u2192 Ikkunateippaukset:Teippimme kest\u00e4v\u00e4t ikkunoiden normaalin pesun ilman ter\u00e4v\u00e4\u00e4 lastaa. Ajoneuvoteippaukset:Suosittelemme k\u00e4sinpesua, mutta koneellinen pesu on my\u00f6s mahdollista tietyin ehdoin. Saat meilt\u00e4 pesuohjeet autoteippauksen yhteydess\u00e4. Mainosteippausten hinta on monen tekij\u00e4n summa, johon vaikuttaa teipattava pinta-ala, k\u00e4ytett\u00e4v\u00e4 materiaali sek\u00e4 suunnitteluun k\u00e4ytetty aika, mik\u00e4li valmista aineistoa ei ole. Kerro meille toiveesi ja niin laskemme sinulle hinnan tapauskohtaisesti. Peilikalvo peilaa voimakkaamman valon suuntaan. Mik\u00e4li ulkona on valoisampaa kuin sis\u00e4ll\u00e4, peilikalvo peilaa ulosp\u00e4in. Jo huoneistossa on valoisampaa kuin ulkona kalvo peilaa sis\u00e4\u00e4np\u00e4in. Kun valon suunta muuttuu niin samalla muuttuu n\u00e4kyvyyden suunta. Ikkunateippaukset:Asentajamme pesev\u00e4t teipattavat ikkunat, joten sinun ei tarvitse pest\u00e4 niit\u00e4 ennen asennusta. Ajoneuvoteippaukset:Mahtavaa olisi, ett\u00e4 auto tulisi meille teipattavaksi autopesun kautta mik\u00e4li se on kovin kurainen, mutta pesemme auton mik\u00e4li t\u00e4m\u00e4 ei ole mahdollista. Keskitymme ensisijaisesti mainosteippauksiin.Emme valitettavasti toteuta asuntoautojen ja vaunujen entis\u00f6intiteippauksia. Palveluumme eiv\u00e4t kuulu auton lasien tummennukset. Asennamme kuitenkin kiinteist\u00f6kalvoja toimitilojen ikkunoihin (peilikalvot, auringonsuojakalvot ja turvakalvot). Meid\u00e4n palveluihimme eiv\u00e4t kuulu vaatteiden, peliasujen tai vastaavien tuotteiden painatus.Tekstiilipainatuksissa voit k\u00e4\u00e4nty\u00e4 meid\u00e4n kanssa samoissa toimitiloissa olevan Sericopyn puoleen. Heid\u00e4n yhteystietonsa l\u00f6yd\u00e4t sivustolta sericopy.com Ota yhteytt\u00e4<\/p>\n","protected":false},"author":2,"featured_media":0,"parent":0,"menu_order":5,"comment_status":"closed","ping_status":"closed","template":"elementor_canvas","meta":{"footnotes":""},"class_list":["post-3561","page","type-page","status-publish","hentry"],"_links":{"self":[{"href":"https:\/\/mainostyot.fi\/index.php\/wp-json\/wp\/v2\/pages\/3561","targetHints":{"allow":["GET"]}}],"collection":[{"href":"https:\/\/mainostyot.fi\/index.php\/wp-json\/wp\/v2\/pages"}],"about":[{"href":"https:\/\/mainostyot.fi\/index.php\/wp-json\/wp\/v2\/types\/page"}],"author":[{"embeddable":true,"href":"https:\/\/mainostyot.fi\/index.php\/wp-json\/wp\/v2\/users\/2"}],"replies":[{"embeddable":true,"href":"https:\/\/mainostyot.fi\/index.php\/wp-json\/wp\/v2\/comments?post=3561"}],"version-history":[{"count":7,"href":"https:\/\/mainostyot.fi\/index.php\/wp-json\/wp\/v2\/pages\/3561\/revisions"}],"predecessor-version":[{"id":4117,"href":"https:\/\/mainostyot.fi\/index.php\/wp-json\/wp\/v2\/pages\/3561\/revisions\/4117"}],"wp:attachment":[{"href":"https:\/\/mainostyot.fi\/index.php\/wp-json\/wp\/v2\/media?parent=3561"}],"curies":[{"name":"wp","href":"https:\/\/api.w.org\/{rel}","templated":true}]}}