{"id":3528,"date":"2025-03-02T21:24:29","date_gmt":"2025-03-02T19:24:29","guid":{"rendered":"https:\/\/mainostyot.fi\/?page_id=3528"},"modified":"2025-03-02T23:26:24","modified_gmt":"2025-03-02T21:26:24","slug":"tarrat","status":"publish","type":"page","link":"https:\/\/mainostyot.fi\/index.php\/palvelut\/tarrat\/","title":{"rendered":"Tarrat"},"content":{"rendered":"\t\t<div data-elementor-type=\"wp-page\" data-elementor-id=\"3528\" class=\"elementor elementor-3528\">\n\t\t\t\t<div class=\"elementor-element elementor-element-6f5139d e-flex e-con-boxed wpr-particle-no wpr-jarallax-no wpr-parallax-no wpr-sticky-section-no e-con e-parent\" data-id=\"6f5139d\" data-element_type=\"container\" data-e-type=\"container\" data-settings=\"{&quot;background_background&quot;:&quot;classic&quot;}\">\n\t\t\t\t\t<div class=\"e-con-inner\">\n\t\t\t\t<div class=\"elementor-element elementor-element-1db48f2 elementor-widget elementor-widget-heading\" data-id=\"1db48f2\" data-element_type=\"widget\" data-e-type=\"widget\" data-widget_type=\"heading.default\">\n\t\t\t\t<div class=\"elementor-widget-container\">\n\t\t\t\t\t<h1 class=\"elementor-heading-title elementor-size-default\">Tarrat<\/h1>\t\t\t\t<\/div>\n\t\t\t\t<\/div>\n\t\t\t\t<div class=\"elementor-element elementor-element-11a05cc elementor-widget elementor-widget-heading\" data-id=\"11a05cc\" data-element_type=\"widget\" data-e-type=\"widget\" data-widget_type=\"heading.default\">\n\t\t\t\t<div class=\"elementor-widget-container\">\n\t\t\t\t\t<h3 class=\"elementor-heading-title elementor-size-default\">- Monta k\u00e4ytt\u00f6tarkoitusta ja teht\u00e4v\u00e4\u00e4-<\/h3>\t\t\t\t<\/div>\n\t\t\t\t<\/div>\n\t\t\t\t\t<\/div>\n\t\t\t\t<\/div>\n\t\t<div class=\"elementor-element elementor-element-20a1b45 e-flex e-con-boxed wpr-particle-no wpr-jarallax-no wpr-parallax-no wpr-sticky-section-no e-con e-parent\" data-id=\"20a1b45\" data-element_type=\"container\" data-e-type=\"container\">\n\t\t\t\t\t<div class=\"e-con-inner\">\n\t\t\t\t<div class=\"elementor-element elementor-element-20e07f0 elementor-widget elementor-widget-text-editor\" data-id=\"20e07f0\" data-element_type=\"widget\" data-e-type=\"widget\" data-widget_type=\"text-editor.default\">\n\t\t\t\t<div class=\"elementor-widget-container\">\n\t\t\t\t\t\t\t\t\t<p>Suunnittelemme ja toteutamme kaikenkokoisia, -v\u00e4risi\u00e4 ja -muotoisia tarratekstej\u00e4.<\/p><p>Tarramateriaaleista l\u00f6ytyy ns. kovaliimaisia pidempiaikaiseen k\u00e4ytt\u00f6\u00f6n ja heikkoliimaisia lyhytkestoiseen merkint\u00e4\u00e4n.<\/p><p>Tarroja valmistamme joko tarraleikkurilla tai tulostamalla. Tarraleikkurilla valmistetut tarrat tehd\u00e4\u00e4n l\u00e4piv\u00e4rj\u00e4tyst\u00e4 teipist\u00e4, joka leikataan kirjaimiksi tai muodoiksi. Tarraleikkurilla tehdyiss\u00e4 teksteiss\u00e4 ei ole taustaa ja ne asennetaan kohteeseen siirtokalvon avulla.<\/p><p>Tarroja valmistamme my\u00f6s tulostamalla, jonka j\u00e4lkeen ne voidaan leikata muotoon ja laminoida kulutusta kest\u00e4v\u00e4ksi.<\/p>\t\t\t\t\t\t\t\t<\/div>\n\t\t\t\t<\/div>\n\t\t\t\t<div class=\"elementor-element elementor-element-79518be elementor-widget elementor-widget-heading\" data-id=\"79518be\" data-element_type=\"widget\" data-e-type=\"widget\" data-widget_type=\"heading.default\">\n\t\t\t\t<div class=\"elementor-widget-container\">\n\t\t\t\t\t<h2 class=\"elementor-heading-title elementor-size-default\">K\u00e4ytt\u00f6kohteita<\/h2>\t\t\t\t<\/div>\n\t\t\t\t<\/div>\n\t\t\t\t<div class=\"elementor-element elementor-element-4d60a1f elementor-widget elementor-widget-text-editor\" data-id=\"4d60a1f\" data-element_type=\"widget\" data-e-type=\"widget\" data-widget_type=\"text-editor.default\">\n\t\t\t\t<div class=\"elementor-widget-container\">\n\t\t\t\t\t\t\t\t\t<p><strong>Pitk\u00e4\u00e4n tai lyhytkestoiseen k\u00e4ytt\u00f6\u00f6n<\/strong><\/p>\t\t\t\t\t\t\t\t<\/div>\n\t\t\t\t<\/div>\n\t\t\t\t\t<\/div>\n\t\t\t\t<\/div>\n\t\t\t\t<\/div>\n\t\t","protected":false},"excerpt":{"rendered":"<p>Tarrat &#8211; Monta k\u00e4ytt\u00f6tarkoitusta ja teht\u00e4v\u00e4\u00e4- Suunnittelemme ja toteutamme kaikenkokoisia, -v\u00e4risi\u00e4 ja -muotoisia tarratekstej\u00e4. Tarramateriaaleista l\u00f6ytyy ns. kovaliimaisia pidempiaikaiseen k\u00e4ytt\u00f6\u00f6n ja heikkoliimaisia lyhytkestoiseen merkint\u00e4\u00e4n. Tarroja valmistamme joko tarraleikkurilla tai tulostamalla. Tarraleikkurilla valmistetut tarrat tehd\u00e4\u00e4n l\u00e4piv\u00e4rj\u00e4tyst\u00e4 teipist\u00e4, joka leikataan kirjaimiksi tai muodoiksi. Tarraleikkurilla tehdyiss\u00e4 teksteiss\u00e4 ei ole taustaa ja ne asennetaan kohteeseen siirtokalvon avulla. Tarroja valmistamme my\u00f6s tulostamalla, jonka j\u00e4lkeen ne voidaan leikata muotoon ja laminoida kulutusta kest\u00e4v\u00e4ksi. K\u00e4ytt\u00f6kohteita Pitk\u00e4\u00e4n tai lyhytkestoiseen k\u00e4ytt\u00f6\u00f6n<\/p>\n","protected":false},"author":2,"featured_media":0,"parent":3352,"menu_order":0,"comment_status":"closed","ping_status":"closed","template":"elementor_canvas","meta":{"footnotes":""},"class_list":["post-3528","page","type-page","status-publish","hentry"],"_links":{"self":[{"href":"https:\/\/mainostyot.fi\/index.php\/wp-json\/wp\/v2\/pages\/3528","targetHints":{"allow":["GET"]}}],"collection":[{"href":"https:\/\/mainostyot.fi\/index.php\/wp-json\/wp\/v2\/pages"}],"about":[{"href":"https:\/\/mainostyot.fi\/index.php\/wp-json\/wp\/v2\/types\/page"}],"author":[{"embeddable":true,"href":"https:\/\/mainostyot.fi\/index.php\/wp-json\/wp\/v2\/users\/2"}],"replies":[{"embeddable":true,"href":"https:\/\/mainostyot.fi\/index.php\/wp-json\/wp\/v2\/comments?post=3528"}],"version-history":[{"count":0,"href":"https:\/\/mainostyot.fi\/index.php\/wp-json\/wp\/v2\/pages\/3528\/revisions"}],"up":[{"embeddable":true,"href":"https:\/\/mainostyot.fi\/index.php\/wp-json\/wp\/v2\/pages\/3352"}],"wp:attachment":[{"href":"https:\/\/mainostyot.fi\/index.php\/wp-json\/wp\/v2\/media?parent=3528"}],"curies":[{"name":"wp","href":"https:\/\/api.w.org\/{rel}","templated":true}]}}