{"id":3426,"date":"2025-02-20T10:16:52","date_gmt":"2025-02-20T08:16:52","guid":{"rendered":"https:\/\/mainostyot.fi\/index.php\/autoteippaus-2\/"},"modified":"2025-03-02T23:23:54","modified_gmt":"2025-03-02T21:23:54","slug":"ikkunateippaus","status":"publish","type":"page","link":"https:\/\/mainostyot.fi\/index.php\/palvelut\/ikkunateippaus\/","title":{"rendered":"Ikkunateippaus"},"content":{"rendered":"\t\t<div data-elementor-type=\"wp-page\" data-elementor-id=\"3426\" class=\"elementor elementor-3426\">\n\t\t\t\t<div class=\"elementor-element elementor-element-2e4958a e-flex e-con-boxed wpr-particle-no wpr-jarallax-no wpr-parallax-no wpr-sticky-section-no e-con e-parent\" data-id=\"2e4958a\" data-element_type=\"container\" data-e-type=\"container\" data-settings=\"{&quot;background_background&quot;:&quot;classic&quot;}\">\n\t\t\t\t\t<div class=\"e-con-inner\">\n\t\t\t\t<div class=\"elementor-element elementor-element-904e508 elementor-widget elementor-widget-heading\" data-id=\"904e508\" data-element_type=\"widget\" data-e-type=\"widget\" data-widget_type=\"heading.default\">\n\t\t\t\t<div class=\"elementor-widget-container\">\n\t\t\t\t\t<h1 class=\"elementor-heading-title elementor-size-default\">Ikkunateippaus<\/h1>\t\t\t\t<\/div>\n\t\t\t\t<\/div>\n\t\t\t\t<div class=\"elementor-element elementor-element-6766f41 elementor-widget elementor-widget-heading\" data-id=\"6766f41\" data-element_type=\"widget\" data-e-type=\"widget\" data-widget_type=\"heading.default\">\n\t\t\t\t<div class=\"elementor-widget-container\">\n\t\t\t\t\t<h3 class=\"elementor-heading-title elementor-size-default\">- Houkuttele asiakkaasi ostoksille -<\/h3>\t\t\t\t<\/div>\n\t\t\t\t<\/div>\n\t\t\t\t\t<\/div>\n\t\t\t\t<\/div>\n\t\t<div class=\"elementor-element elementor-element-1aa7964 e-flex e-con-boxed wpr-particle-no wpr-jarallax-no wpr-parallax-no wpr-sticky-section-no e-con e-parent\" data-id=\"1aa7964\" data-element_type=\"container\" data-e-type=\"container\">\n\t\t\t\t\t<div class=\"e-con-inner\">\n\t\t\t\t<div class=\"elementor-element elementor-element-93c95d5 elementor-widget elementor-widget-text-editor\" data-id=\"93c95d5\" data-element_type=\"widget\" data-e-type=\"widget\" data-widget_type=\"text-editor.default\">\n\t\t\t\t<div class=\"elementor-widget-container\">\n\t\t\t\t\t\t\t\t\t<div class=\"wpb_text_column wpb_content_element \"><div class=\"wpb_wrapper\"><div class=\"wpb_text_column wpb_content_element \"><div class=\"wpb_wrapper\"><div class=\"madpages_component ksk_no_margins\" data-kskpage-component-id=\"\"><div class=\"kskpage_text_comp\"><div id=\"madpages_element_paragraph_2_kskpage_1\" class=\"madpages_element madpages_paragraph madpages_paragraph_with_image \" data-ksk-type=\"paragraph\" data-ksk-el-id=\"2_kskpage_1\"><p>Ikkunateippaus on t\u00e4rke\u00e4 osa yrityksen ilmett\u00e4 ja markkinointia.<br \/>Liiketilan ikkunateippauksella luot oikeaa mielikuvaa ja lis\u00e4\u00e4t tunnettavuutta yrityksest\u00e4si.<\/p><p>N\u00e4ytt\u00e4v\u00e4 ikkunateippaus her\u00e4tt\u00e4\u00e4 tehokkaasti huomiota, on edullinen tapa mainostaa yrityst\u00e4 ja asiakkaasi l\u00f6yt\u00e4v\u00e4t sinut helpommin.<\/p><\/div><\/div><\/div><\/div><\/div><\/div><\/div><div class=\"wpb_text_column wpb_content_element vc_custom_1605255481754\"><div class=\"wpb_wrapper\"><p><strong>Hyvin suunniteltu sek\u00e4 toteutettu ikkunateippaus maksaa itsens\u00e4 nopeasti takaisin.<\/strong><\/p><\/div><\/div><div class=\"wpb_text_column wpb_content_element \"><div class=\"wpb_wrapper\"><div class=\"wpb_text_column wpb_content_element \"><div class=\"wpb_wrapper\"><div class=\"madpages_component ksk_no_margins\" data-kskpage-component-id=\"\"><div class=\"kskpage_text_comp\"><div id=\"madpages_element_paragraph_2_kskpage_1\" class=\"madpages_element madpages_paragraph madpages_paragraph_with_image \" data-ksk-type=\"paragraph\" data-ksk-el-id=\"2_kskpage_1\"><p>Suunnittelemme ikkunateippauksen toiveidesi mukaisesti tai k\u00e4yt\u00e4mme toimittamaasi valmista aineistoa.<\/p><p>K\u00e4yt\u00e4mme aina laadukkaita materiaaleja ja ammattitaitoiset asentajat hoitavat ty\u00f6n sovitussa aikataulussa.<br \/>Voit tilata meilt\u00e4 pelk\u00e4st\u00e4\u00e4n my\u00f6s vanhojen teippausten poiston.<\/p><\/div><\/div><\/div><\/div><\/div><\/div><\/div><div class=\"wpb_text_column wpb_content_element vc_custom_1605692121575\"><div class=\"wpb_wrapper\"><p><strong>Autamme sinua suunnittelussa ja kerromme erilaisista vaihtoehdoista.<\/strong><\/p><\/div><\/div>\t\t\t\t\t\t\t\t<\/div>\n\t\t\t\t<\/div>\n\t\t\t\t\t<\/div>\n\t\t\t\t<\/div>\n\t\t<div class=\"elementor-element elementor-element-74f2b72 e-con-full e-flex wpr-particle-no wpr-jarallax-no wpr-parallax-no wpr-sticky-section-no e-con e-parent\" data-id=\"74f2b72\" data-element_type=\"container\" data-e-type=\"container\" data-settings=\"{&quot;background_background&quot;:&quot;classic&quot;}\">\n\t\t\t\t<div class=\"elementor-element elementor-element-2ed3ab4 elementor-widget elementor-widget-heading\" data-id=\"2ed3ab4\" data-element_type=\"widget\" data-e-type=\"widget\" data-widget_type=\"heading.default\">\n\t\t\t\t<div class=\"elementor-widget-container\">\n\t\t\t\t\t<h5 class=\"elementor-heading-title elementor-size-default\">Meilt\u00e4 aurinko-, n\u00e4k\u00f6suoja- ja turvakalvotukset liiketiloihin<\/h5>\t\t\t\t<\/div>\n\t\t\t\t<\/div>\n\t\t\t\t<div class=\"elementor-element elementor-element-b18c576 elementor-widget elementor-widget-text-editor\" data-id=\"b18c576\" data-element_type=\"widget\" data-e-type=\"widget\" data-widget_type=\"text-editor.default\">\n\t\t\t\t<div class=\"elementor-widget-container\">\n\t\t\t\t\t\t\t\t\t<p>Liikehuoneistoihin ja toimistotiloihin saa hiekkapuhalluskalvoilla todella tyylikk\u00e4\u00e4n n\u00e4k\u00f6suojan ja siit\u00e4\u00a0 voidaan tehd\u00e4 erilaisia kuvioita ja sille voidaan my\u00f6s tulostaa kuvaa.<\/p><p>Asennamme\u00a0<strong>auringonsuojakalvoja <\/strong>liiketilojen ikkunoihin. Auringonsuojakalvo suojaa haitalliselta UV-s\u00e4teilylt\u00e4, v\u00e4hent\u00e4\u00e4 auringon l\u00e4mp\u00f6s\u00e4teily\u00e4 ja ehk\u00e4isee h\u00e4ik\u00e4isy\u00e4. Auringonsuojakalvon avulla saadaan pudotettua sis\u00e4ilman l\u00e4mp\u00f6tilaa miellytt\u00e4v\u00e4mm\u00e4ksi, jolloin saat s\u00e4\u00e4st\u00f6\u00e4 ilmastointikuluissa.<\/p><p>Turvakalvo vahvistaa lasia jopa 104 kg iskuvoimaa vastaan ja hidastaa n\u00e4in oleellisesti murtautumista ikkunoiden kautta.<\/p>\t\t\t\t\t\t\t\t<\/div>\n\t\t\t\t<\/div>\n\t\t\t\t<div class=\"elementor-element elementor-element-1234cb9 elementor-align-center elementor-widget elementor-widget-button\" data-id=\"1234cb9\" data-element_type=\"widget\" data-e-type=\"widget\" data-widget_type=\"button.default\">\n\t\t\t\t<div class=\"elementor-widget-container\">\n\t\t\t\t\t\t\t\t\t<div class=\"elementor-button-wrapper\">\n\t\t\t\t\t<a class=\"elementor-button elementor-button-link elementor-size-sm elementor-animation-grow\" href=\"https:\/\/mainostyot.fi\/index.php\/palvelut\/ikkunakalvotus\/\">\n\t\t\t\t\t\t<span class=\"elementor-button-content-wrapper\">\n\t\t\t\t\t\t\t\t\t<span class=\"elementor-button-text\">Lue lis\u00e4\u00e4<\/span>\n\t\t\t\t\t<\/span>\n\t\t\t\t\t<\/a>\n\t\t\t\t<\/div>\n\t\t\t\t\t\t\t\t<\/div>\n\t\t\t\t<\/div>\n\t\t\t\t<\/div>\n\t\t<div class=\"elementor-element elementor-element-f81141d e-flex e-con-boxed wpr-particle-no wpr-jarallax-no wpr-parallax-no wpr-sticky-section-no e-con e-parent\" data-id=\"f81141d\" data-element_type=\"container\" data-e-type=\"container\">\n\t\t\t\t\t<div class=\"e-con-inner\">\n\t\t\t\t<div class=\"elementor-element elementor-element-ee3b936 elementor-align-center elementor-widget elementor-widget-button\" data-id=\"ee3b936\" data-element_type=\"widget\" data-e-type=\"widget\" data-widget_type=\"button.default\">\n\t\t\t\t<div class=\"elementor-widget-container\">\n\t\t\t\t\t\t\t\t\t<div class=\"elementor-button-wrapper\">\n\t\t\t\t\t<a class=\"elementor-button elementor-button-link elementor-size-sm\" href=\"https:\/\/mainostyot.fi\/index.php\/otayhteytta\/\">\n\t\t\t\t\t\t<span class=\"elementor-button-content-wrapper\">\n\t\t\t\t\t\t\t\t\t<span class=\"elementor-button-text\">Ota yhteytt\u00e4<\/span>\n\t\t\t\t\t<\/span>\n\t\t\t\t\t<\/a>\n\t\t\t\t<\/div>\n\t\t\t\t\t\t\t\t<\/div>\n\t\t\t\t<\/div>\n\t\t\t\t\t<\/div>\n\t\t\t\t<\/div>\n\t\t\t\t<\/div>\n\t\t","protected":false},"excerpt":{"rendered":"<p>Ikkunateippaus &#8211; Houkuttele asiakkaasi ostoksille &#8211; Ikkunateippaus on t\u00e4rke\u00e4 osa yrityksen ilmett\u00e4 ja markkinointia.Liiketilan ikkunateippauksella luot oikeaa mielikuvaa ja lis\u00e4\u00e4t tunnettavuutta yrityksest\u00e4si. N\u00e4ytt\u00e4v\u00e4 ikkunateippaus her\u00e4tt\u00e4\u00e4 tehokkaasti huomiota, on edullinen tapa mainostaa yrityst\u00e4 ja asiakkaasi l\u00f6yt\u00e4v\u00e4t sinut helpommin. Hyvin suunniteltu sek\u00e4 toteutettu ikkunateippaus maksaa itsens\u00e4 nopeasti takaisin. Suunnittelemme ikkunateippauksen toiveidesi mukaisesti tai k\u00e4yt\u00e4mme toimittamaasi valmista aineistoa. K\u00e4yt\u00e4mme aina laadukkaita materiaaleja ja ammattitaitoiset asentajat hoitavat ty\u00f6n sovitussa aikataulussa.Voit tilata meilt\u00e4 pelk\u00e4st\u00e4\u00e4n my\u00f6s vanhojen teippausten poiston. Autamme sinua suunnittelussa ja kerromme erilaisista vaihtoehdoista. Meilt\u00e4 aurinko-, n\u00e4k\u00f6suoja- ja turvakalvotukset liiketiloihin Liikehuoneistoihin ja toimistotiloihin saa hiekkapuhalluskalvoilla todella tyylikk\u00e4\u00e4n n\u00e4k\u00f6suojan ja siit\u00e4\u00a0 voidaan tehd\u00e4 erilaisia kuvioita ja sille voidaan my\u00f6s tulostaa kuvaa. Asennamme\u00a0auringonsuojakalvoja liiketilojen ikkunoihin. Auringonsuojakalvo suojaa haitalliselta UV-s\u00e4teilylt\u00e4, v\u00e4hent\u00e4\u00e4 auringon l\u00e4mp\u00f6s\u00e4teily\u00e4 ja ehk\u00e4isee h\u00e4ik\u00e4isy\u00e4. Auringonsuojakalvon avulla saadaan pudotettua sis\u00e4ilman l\u00e4mp\u00f6tilaa miellytt\u00e4v\u00e4mm\u00e4ksi, jolloin saat s\u00e4\u00e4st\u00f6\u00e4 ilmastointikuluissa. Turvakalvo vahvistaa lasia jopa 104 kg iskuvoimaa vastaan ja hidastaa n\u00e4in oleellisesti murtautumista ikkunoiden kautta. Lue lis\u00e4\u00e4 Ota yhteytt\u00e4<\/p>\n","protected":false},"author":2,"featured_media":0,"parent":3352,"menu_order":0,"comment_status":"closed","ping_status":"closed","template":"elementor_canvas","meta":{"footnotes":""},"class_list":["post-3426","page","type-page","status-publish","hentry"],"_links":{"self":[{"href":"https:\/\/mainostyot.fi\/index.php\/wp-json\/wp\/v2\/pages\/3426","targetHints":{"allow":["GET"]}}],"collection":[{"href":"https:\/\/mainostyot.fi\/index.php\/wp-json\/wp\/v2\/pages"}],"about":[{"href":"https:\/\/mainostyot.fi\/index.php\/wp-json\/wp\/v2\/types\/page"}],"author":[{"embeddable":true,"href":"https:\/\/mainostyot.fi\/index.php\/wp-json\/wp\/v2\/users\/2"}],"replies":[{"embeddable":true,"href":"https:\/\/mainostyot.fi\/index.php\/wp-json\/wp\/v2\/comments?post=3426"}],"version-history":[{"count":0,"href":"https:\/\/mainostyot.fi\/index.php\/wp-json\/wp\/v2\/pages\/3426\/revisions"}],"up":[{"embeddable":true,"href":"https:\/\/mainostyot.fi\/index.php\/wp-json\/wp\/v2\/pages\/3352"}],"wp:attachment":[{"href":"https:\/\/mainostyot.fi\/index.php\/wp-json\/wp\/v2\/media?parent=3426"}],"curies":[{"name":"wp","href":"https:\/\/api.w.org\/{rel}","templated":true}]}}