{"id":3323,"date":"2025-01-16T10:16:52","date_gmt":"2025-01-16T08:16:52","guid":{"rendered":"https:\/\/mainostyot.fi\/index.php\/etusivu-uusi-2\/"},"modified":"2025-03-02T23:18:09","modified_gmt":"2025-03-02T21:18:09","slug":"historia","status":"publish","type":"page","link":"https:\/\/mainostyot.fi\/index.php\/historia\/","title":{"rendered":"Historia"},"content":{"rendered":"\t\t<div data-elementor-type=\"wp-page\" data-elementor-id=\"3323\" class=\"elementor elementor-3323\">\n\t\t\t\t<div class=\"elementor-element elementor-element-0146517 e-flex e-con-boxed wpr-particle-no wpr-jarallax-no wpr-parallax-no wpr-sticky-section-no e-con e-parent\" data-id=\"0146517\" data-element_type=\"container\" data-e-type=\"container\" data-settings=\"{&quot;background_background&quot;:&quot;classic&quot;}\">\n\t\t\t\t\t<div class=\"e-con-inner\">\n\t\t\t\t<div class=\"elementor-element elementor-element-4d24e65 elementor-widget elementor-widget-heading\" data-id=\"4d24e65\" data-element_type=\"widget\" data-e-type=\"widget\" data-widget_type=\"heading.default\">\n\t\t\t\t<div class=\"elementor-widget-container\">\n\t\t\t\t\t<h1 class=\"elementor-heading-title elementor-size-default\">Historia<\/h1>\t\t\t\t<\/div>\n\t\t\t\t<\/div>\n\t\t\t\t<div class=\"elementor-element elementor-element-0999ba9 elementor-widget elementor-widget-text-editor\" data-id=\"0999ba9\" data-element_type=\"widget\" data-e-type=\"widget\" data-widget_type=\"text-editor.default\">\n\t\t\t\t<div class=\"elementor-widget-container\">\n\t\t\t\t\t\t\t\t\t<p><strong>Kaikki l\u00e4hti liikkeelle vuonna 1988 kun homma py\u00f6ri pienell\u00e4 porukalla.<\/strong><\/p><p><strong>Matkan varrella on n\u00e4hty niin trendien vaihtelua kuin teknologisia harppauksia,<br \/>mutta yksi asia on pysynyt: me tehd\u00e4\u00e4n hommat kunnolla ja pilke silm\u00e4kulmassa.\u00a0<\/strong><\/p>\t\t\t\t\t\t\t\t<\/div>\n\t\t\t\t<\/div>\n\t\t\t\t\t<\/div>\n\t\t\t\t<\/div>\n\t\t<div class=\"elementor-element elementor-element-385b0ea e-flex e-con-boxed wpr-particle-no wpr-jarallax-no wpr-parallax-no wpr-sticky-section-no e-con e-parent\" data-id=\"385b0ea\" data-element_type=\"container\" data-e-type=\"container\">\n\t\t\t\t\t<div class=\"e-con-inner\">\n\t\t\t\t<div class=\"elementor-element elementor-element-d2b9fb4 elementor-widget elementor-widget-timeline-widget-addon\" data-id=\"d2b9fb4\" data-element_type=\"widget\" data-e-type=\"widget\" data-widget_type=\"timeline-widget-addon.default\">\n\t\t\t\t<div class=\"elementor-widget-container\">\n\t\t\t\t\t<!-- ========= Timeline Widget Addon For Elementor 1.6.24 ========= -->\n<div id=\"twae-wrapper-d2b9fb4\" class=\"twae-vertical twae-wrapper  twae-both-sided\">   \n    <div class=\"twae-start\"><\/div>    \n    <div id=\"twea-timeline-d2b9fb4\" class=\"twae-timeline\" ><!-- Story Year Label --><div class=\"twae-year twae-year-container story-year-9833ca6\">\n\t\t\t\t\t<div class=\"twae-year-label twae-year-text\">1988<\/div>\n\t\t\t\t<\/div><!-- Start of Story Repeater Content --><div id=\"story-9833ca6\" class=\"twae-story twae-repeater-item twae-story-right twae-story-no-icon\"><!-- Story Label --><div class=\"twae-labels\"><div class=\"twae-label-big\">1988<\/div><\/div><!-- Story Icon --><div class=\"twae-icon\"><i aria-hidden=\"true\" class=\"fas fa-birthday-cake\"><\/i><\/div><!-- Story Arrow --><div class=\"twae-arrow\"><\/div><!-- Start of Story Content --><div class=\"twae-content\"><!-- Story Title --><div class=\"twae-title\">Yrityksen perustaminen<\/div><!-- Story Image --><div class=\"twae-media full\"><img fetchpriority=\"high\" decoding=\"async\" width=\"1000\" height=\"600\" src=\"https:\/\/mainostyot.fi\/wp-content\/uploads\/2020\/11\/historia1.png\" class=\"attachment-full size-full\" alt=\"\" srcset=\"https:\/\/mainostyot.fi\/wp-content\/uploads\/2020\/11\/historia1.png 1000w, https:\/\/mainostyot.fi\/wp-content\/uploads\/2020\/11\/historia1-300x180.png 300w, https:\/\/mainostyot.fi\/wp-content\/uploads\/2020\/11\/historia1-768x461.png 768w, https:\/\/mainostyot.fi\/wp-content\/uploads\/2020\/11\/historia1-600x360.png 600w\" sizes=\"(max-width: 1000px) 100vw, 1000px\" \/><\/div><!-- Story Description --><div class=\"twae-description\"><p>Veljens\u00e4 Petrin kautta Jyrki sai ensimm\u00e4iset kosketuksensa mainosalaan. Petrill\u00e4 oli \u00c4\u00e4nekoskella silkkipaino- ja mainostoimisto, jossa Jyrki toimi toisinaan apumiehen\u00e4.<\/p><p>29-vuotias Jyrki perusti Mainosty\u00f6t J. Ij\u00e4ksen vuonna1988.<br \/>Aluksi yritt\u00e4minen oli\u00a0 vain osa-aikaista , sill\u00e4 Jyrkill\u00e4 oli vakituinen ty\u00f6 Kinkomaan sairaalassa sairaanhoitajana.\u00a0<\/p><\/div><\/div><\/div><!-- Start of Story Repeater Content --><div id=\"story-86a18f9\" class=\"twae-story twae-repeater-item twae-story-left twae-story-no-icon\"><!-- Story Label --><div class=\"twae-labels\"><div class=\"twae-label-big\">1991<\/div><\/div><!-- Story Icon --><div class=\"twae-icon\"><i aria-hidden=\"true\" class=\"fas fa-chart-area\"><\/i><\/div><!-- Story Arrow --><div class=\"twae-arrow\"><\/div><!-- Start of Story Content --><div class=\"twae-content\"><!-- Story Title --><div class=\"twae-title\">Lama-aika<\/div><!-- Story Image --><div class=\"twae-media full\"><img decoding=\"async\" width=\"1000\" height=\"610\" src=\"https:\/\/mainostyot.fi\/wp-content\/uploads\/2020\/11\/historia3.png\" class=\"attachment-full size-full\" alt=\"\" srcset=\"https:\/\/mainostyot.fi\/wp-content\/uploads\/2020\/11\/historia3.png 1000w, https:\/\/mainostyot.fi\/wp-content\/uploads\/2020\/11\/historia3-300x183.png 300w, https:\/\/mainostyot.fi\/wp-content\/uploads\/2020\/11\/historia3-768x468.png 768w, https:\/\/mainostyot.fi\/wp-content\/uploads\/2020\/11\/historia3-600x366.png 600w\" sizes=\"(max-width: 1000px) 100vw, 1000px\" \/><\/div><!-- Story Description --><div class=\"twae-description\"><p>Vuonna 1991 Jyrki irtisanoutui vakituisesta ty\u00f6st\u00e4\u00e4n.<br \/>Petri myi teippaus -osuuden yrityksest\u00e4\u00e4n Jyrkille, ja toiminta jatkui Teollisuuskadulla \u00c4\u00e4nekoskella samoissa tiloissa.<br \/>Alku oli hankalaa, t\u00f6it\u00e4 ei ollut 1990-luvun alun laman vuoksi ja\u00a0 kaikessa piti s\u00e4\u00e4st\u00e4\u00e4.<\/p><\/div><\/div><\/div><!-- Start of Story Repeater Content --><div id=\"story-5ba54d0\" class=\"twae-story twae-repeater-item twae-story-right twae-story-no-icon\"><!-- Story Label --><div class=\"twae-labels\"><div class=\"twae-label-big\">1994<\/div><\/div><!-- Story Icon --><div class=\"twae-icon\"><i aria-hidden=\"true\" class=\"far fa-user\"><\/i><\/div><!-- Story Arrow --><div class=\"twae-arrow\"><\/div><!-- Start of Story Content --><div class=\"twae-content\"><!-- Story Title --><div class=\"twae-title\">Jaana tuli taloon<\/div><!-- Story Image --><div class=\"twae-media full\"><img decoding=\"async\" width=\"1000\" height=\"600\" src=\"https:\/\/mainostyot.fi\/wp-content\/uploads\/2020\/11\/historia2.png\" class=\"attachment-full size-full\" alt=\"\" srcset=\"https:\/\/mainostyot.fi\/wp-content\/uploads\/2020\/11\/historia2.png 1000w, https:\/\/mainostyot.fi\/wp-content\/uploads\/2020\/11\/historia2-300x180.png 300w, https:\/\/mainostyot.fi\/wp-content\/uploads\/2020\/11\/historia2-768x461.png 768w, https:\/\/mainostyot.fi\/wp-content\/uploads\/2020\/11\/historia2-600x360.png 600w\" sizes=\"(max-width: 1000px) 100vw, 1000px\" \/><\/div><!-- Story Description --><div class=\"twae-description\"><p>Jyrkin vaimo Jaana aloitti yrityksess\u00e4 vuonna 1994.<br \/>Oppia yritt\u00e4miseen ja mainosalaan oli saatu graafisen alan yritt\u00e4j\u00e4kurssilta. Toimistoty\u00f6t olivat tuttuja jo aikaisemmista ty\u00f6paikoista, mutta muut ty\u00f6t, kuten tarrojen \"kuoriminen\" ja opasteiden valmistus, opeteltiin ty\u00f6t\u00e4 tekem\u00e4ll\u00e4.<\/p><\/div><\/div><\/div><!-- Start of Story Repeater Content --><div id=\"story-5fbcd88\" class=\"twae-story twae-repeater-item twae-story-left twae-story-no-icon\"><!-- Story Label --><div class=\"twae-labels\"><div class=\"twae-label-big\">1995<\/div><\/div><!-- Story Icon --><div class=\"twae-icon\"><i aria-hidden=\"true\" class=\"fas fa-child\"><\/i><\/div><!-- Story Arrow --><div class=\"twae-arrow\"><\/div><!-- Start of Story Content --><div class=\"twae-content\"><!-- Story Title --><div class=\"twae-title\">Ensimm\u00e4iset ty\u00f6ntekij\u00e4t<\/div><!-- Story Image --><div class=\"twae-media full\"><img loading=\"lazy\" decoding=\"async\" width=\"1000\" height=\"600\" src=\"https:\/\/mainostyot.fi\/wp-content\/uploads\/2020\/11\/historia7.png\" class=\"attachment-full size-full\" alt=\"\" srcset=\"https:\/\/mainostyot.fi\/wp-content\/uploads\/2020\/11\/historia7.png 1000w, https:\/\/mainostyot.fi\/wp-content\/uploads\/2020\/11\/historia7-300x180.png 300w, https:\/\/mainostyot.fi\/wp-content\/uploads\/2020\/11\/historia7-768x461.png 768w, https:\/\/mainostyot.fi\/wp-content\/uploads\/2020\/11\/historia7-600x360.png 600w\" sizes=\"(max-width: 1000px) 100vw, 1000px\" \/><\/div><!-- Story Description --><div class=\"twae-description\"><p>Tilanne helpottui pikkuhiljaa 90-luvun puoliv\u00e4liss\u00e4. Ensimm\u00e4iset ty\u00f6ntekij\u00e4t palkattiin ja hankittiin uudemman aikainen tarraleikkuri ja my\u00f6hemmin ensimm\u00e4inen suurkuvatulostin. Asiakkaaksi saatiin kaupan keskusliikkeit\u00e4, joiden myym\u00e4l\u00e4milj\u00f6it\u00e4 ryhdyttiin uudistamaan.\u00a0<\/p><\/div><\/div><\/div><!-- Start of Story Repeater Content --><div id=\"story-a409e4d\" class=\"twae-story twae-repeater-item twae-story-right twae-story-no-icon\"><!-- Story Label --><div class=\"twae-labels\"><div class=\"twae-label-big\">2001<\/div><\/div><!-- Story Icon --><div class=\"twae-icon\"><i aria-hidden=\"true\" class=\"far fa-id-badge\"><\/i><\/div><!-- Story Arrow --><div class=\"twae-arrow\"><\/div><!-- Start of Story Content --><div class=\"twae-content\"><!-- Story Title --><div class=\"twae-title\">Vuosituhannen alku<\/div><!-- Story Image --><div class=\"twae-media full\"><img loading=\"lazy\" decoding=\"async\" width=\"1000\" height=\"600\" src=\"https:\/\/mainostyot.fi\/wp-content\/uploads\/2020\/11\/historia9.png\" class=\"attachment-full size-full\" alt=\"\" srcset=\"https:\/\/mainostyot.fi\/wp-content\/uploads\/2020\/11\/historia9.png 1000w, https:\/\/mainostyot.fi\/wp-content\/uploads\/2020\/11\/historia9-300x180.png 300w, https:\/\/mainostyot.fi\/wp-content\/uploads\/2020\/11\/historia9-768x461.png 768w, https:\/\/mainostyot.fi\/wp-content\/uploads\/2020\/11\/historia9-600x360.png 600w\" sizes=\"(max-width: 1000px) 100vw, 1000px\" \/><\/div><!-- Story Description --><div class=\"twae-description\"><p>Mikolle kirjoitettiin vakituinen ty\u00f6sopimus, olihan h\u00e4n ollut aikaisempinakin vuosina monta kertaa ty\u00f6harjoittelussa. <br \/>Mikko viihtyy edelleen keikkahommissa yli 20-vuoden j\u00e4lkeenkin.\u00a0<\/p><\/div><\/div><\/div><!-- Start of Story Repeater Content --><div id=\"story-54b84cd\" class=\"twae-story twae-repeater-item twae-story-left twae-story-no-icon\"><!-- Story Label --><div class=\"twae-labels\"><div class=\"twae-label-big\">2010<\/div><\/div><!-- Story Icon --><div class=\"twae-icon\"><i aria-hidden=\"true\" class=\"far fa-money-bill-alt\"><\/i><\/div><!-- Story Arrow --><div class=\"twae-arrow\"><\/div><!-- Start of Story Content --><div class=\"twae-content\"><!-- Story Title --><div class=\"twae-title\">Isoja investointeja<\/div><!-- Story Image --><div class=\"twae-media full\"><img loading=\"lazy\" decoding=\"async\" width=\"1000\" height=\"600\" src=\"https:\/\/mainostyot.fi\/wp-content\/uploads\/2020\/11\/historia8.png\" class=\"attachment-full size-full\" alt=\"\" srcset=\"https:\/\/mainostyot.fi\/wp-content\/uploads\/2020\/11\/historia8.png 1000w, https:\/\/mainostyot.fi\/wp-content\/uploads\/2020\/11\/historia8-300x180.png 300w, https:\/\/mainostyot.fi\/wp-content\/uploads\/2020\/11\/historia8-768x461.png 768w, https:\/\/mainostyot.fi\/wp-content\/uploads\/2020\/11\/historia8-600x360.png 600w\" sizes=\"(max-width: 1000px) 100vw, 1000px\" \/><\/div><!-- Story Description --><div class=\"twae-description\"><p>Yrityksen suurin investointi tehtiin vuonna 2010, jolloin hankittiin uusi isompi suurkuvatulostin ja tasolaminaattori. Tuotevalikoimaa pystyttiin laajentamaan ja ty\u00f6nkulkua tehostamaan.<\/p><p>Marika aloitti mainosty\u00f6ntekij\u00e4n uransa v. 2007 ty\u00f6harjoittelun merkeiss\u00e4 ja h\u00e4nelle kirjoitettiin vakituinen ty\u00f6sopimus v.2010.\u00a0\u00a0<\/p><\/div><\/div><\/div><!-- Start of Story Repeater Content --><div id=\"story-d792a50\" class=\"twae-story twae-repeater-item twae-story-right twae-story-no-icon\"><!-- Story Label --><div class=\"twae-labels\"><div class=\"twae-label-big\">2016-2019<\/div><\/div><!-- Story Icon --><div class=\"twae-icon\"><i aria-hidden=\"true\" class=\"fas fa-thumbs-up\"><\/i><\/div><!-- Story Arrow --><div class=\"twae-arrow\"><\/div><!-- Start of Story Content --><div class=\"twae-content\"><!-- Story Title --><div class=\"twae-title\">Muutosten tuulia<\/div><!-- Story Image --><div class=\"twae-media full\"><\/div><!-- Story Description --><div class=\"twae-description\"><p>Talvella 2016 Marika halusi muutosta ty\u00f6el\u00e4m\u00e4\u00e4ns\u00e4 ja vaihtoi mainosteippaajan uransa baarimikko-tarjoilijaksi.\u00a0<\/p><p>2018 Pitk\u00e4aikainen ty\u00f6ntekij\u00e4 Ari vaihtoi my\u00f6s ty\u00f6paikkaa ja tilalle saapui Jarkko.\u00a0<\/p><p>Kes\u00e4ll\u00e4 2019 suuresta suurkuvatulostimesta luovuttiin ja tilalle tuli\u00a0 kustannustehokas Epson Surecolor SC-S80600, jolla saamme tulostettua jopa 10 eri v\u00e4ri\u00e4, my\u00f6s valkoisen.\u00a0<\/p><p>Syksyll\u00e4 2019 Jaana p\u00e4\u00e4tti lopettaa n. 20-vuotta kest\u00e4neen mainosuransa ja h\u00e4nen tilalleen saapui ns. vanha konkari Marika.<\/p><p>Kev\u00e4\u00e4ll\u00e4 2020 Jarkko muutti Etel\u00e4-Suomeen opiskelemaan.<\/p><\/div><\/div><\/div><!-- Start of Story Repeater Content --><div id=\"story-6dede3b\" class=\"twae-story twae-repeater-item twae-story-left twae-story-no-icon\"><!-- Story Label --><div class=\"twae-labels\"><div class=\"twae-label-big\">2020<\/div><\/div><!-- Story Icon --><div class=\"twae-icon\"><i aria-hidden=\"true\" class=\"far fa-smile-beam\"><\/i><\/div><!-- Story Arrow --><div class=\"twae-arrow\"><\/div><!-- Start of Story Content --><div class=\"twae-content\"><!-- Story Title --><div class=\"twae-title\">Uusi suurkuvatulostin ja tarraleikkuri<\/div><!-- Story Image --><div class=\"twae-media full\"><\/div><!-- Story Description --><div class=\"twae-description\"><p>Syksyll\u00e4 2020 p\u00e4\u00e4timme tehostaa tuotantoamme ja vaihdoimme\u00a0 vuonna 2012 ostetun tulostimen uudempaan.<\/p><p>Lis\u00e4ksi investoimme\u00a0 SummaCut D140 tarraleikkuriin, jolla 140 cm leveiden materiaalien muotoon leikkaaminen k\u00e4y todella helposti.<br \/>Nyt saamme tehty\u00e4 viel\u00e4kin isompia ja yhten\u00e4isempi\u00e4 pintoja.\u00a0<\/p><\/div><\/div><\/div><!-- Start of Story Repeater Content --><div id=\"story-deea596\" class=\"twae-story twae-repeater-item twae-story-right twae-story-no-icon\"><!-- Story Label --><div class=\"twae-labels\"><div class=\"twae-label-big\">2021<\/div><\/div><!-- Story Icon --><div class=\"twae-icon\"><i aria-hidden=\"true\" class=\"far fa-smile\"><\/i><\/div><!-- Story Arrow --><div class=\"twae-arrow\"><\/div><!-- Start of Story Content --><div class=\"twae-content\"><!-- Story Title --><div class=\"twae-title\">Laserkaiverruskone<\/div><!-- Story Image --><div class=\"twae-media full\"><img loading=\"lazy\" decoding=\"async\" width=\"1515\" height=\"1135\" src=\"https:\/\/mainostyot.fi\/wp-content\/uploads\/2021\/08\/mainostyot-laserkaiverrus.jpeg\" class=\"attachment-full size-full\" alt=\"\" srcset=\"https:\/\/mainostyot.fi\/wp-content\/uploads\/2021\/08\/mainostyot-laserkaiverrus.jpeg 1515w, https:\/\/mainostyot.fi\/wp-content\/uploads\/2021\/08\/mainostyot-laserkaiverrus-300x225.jpeg 300w, https:\/\/mainostyot.fi\/wp-content\/uploads\/2021\/08\/mainostyot-laserkaiverrus-1024x767.jpeg 1024w, https:\/\/mainostyot.fi\/wp-content\/uploads\/2021\/08\/mainostyot-laserkaiverrus-768x575.jpeg 768w\" sizes=\"(max-width: 1515px) 100vw, 1515px\" \/><\/div><!-- Story Description --><div class=\"twae-description\"><p>Kes\u00e4ll\u00e4 2021 meille saapui \u00a0CO2 laserkaiverruskone. Laserkone sopii erinomaisesti monipuolisesti eri materiaalien merkkaukseen, kaivertamiseen tai leikkaamiseen.<\/p><\/div><\/div><\/div><!-- Start of Story Repeater Content --><div id=\"story-6c82718\" class=\"twae-story twae-repeater-item twae-story-left twae-story-no-icon\"><!-- Story Label --><div class=\"twae-labels\"><div class=\"twae-label-big\">2021<\/div><\/div><!-- Story Icon --><div class=\"twae-icon\"><i aria-hidden=\"true\" class=\"far fa-smile\"><\/i><\/div><!-- Story Arrow --><div class=\"twae-arrow\"><\/div><!-- Start of Story Content --><div class=\"twae-content\"><!-- Story Title --><div class=\"twae-title\">Ty\u00f6ntekij\u00f6it\u00e4 tulee ja menee<\/div><!-- Story Image --><div class=\"twae-media full\"><\/div><!-- Story Description --><div class=\"twae-description\"><p data-sourcepos=\"3:1-3:472\">Vuonna 2021 Henna liittyi joukkoomme ty\u00f6harjoittelun kautta. Hennan l\u00e4hdetty\u00e4 vuoden lopussa, Jyrki, Marika ja Mikko\u00a0 \"py\u00f6rittiv\u00e4t yrityst\u00e4\" kolmeen pekkaan.<\/p><p data-sourcepos=\"5:1-5:233\">Vuonna 2023 P\u00e4ivi saapui taloomme ty\u00f6harjoittelun kautta. P\u00e4ivi sopeutui nopeasti porukkaamme ja h\u00e4nelle kirjoitettiin vakituinen ty\u00f6sopimus.\u00a0<\/p><\/div><\/div><\/div><\/div>\n    <div class=\"twae-end\"><\/div>\n    <\/div><style type=\"text\/css\">@media (max-width: 1024px){ .twae-wrapper{--tw-ybx-size: 80px !important;}}@media (max-width: 767px){ .twae-wrapper{--tw-ybx-size: 80px !important}}<\/style>\t\t\t\t<\/div>\n\t\t\t\t<\/div>\n\t\t\t\t\t<\/div>\n\t\t\t\t<\/div>\n\t\t\t\t<\/div>\n\t\t","protected":false},"excerpt":{"rendered":"<p>Historia Kaikki l\u00e4hti liikkeelle vuonna 1988 kun homma py\u00f6ri pienell\u00e4 porukalla. Matkan varrella on n\u00e4hty niin trendien vaihtelua kuin teknologisia harppauksia,mutta yksi asia on pysynyt: me tehd\u00e4\u00e4n hommat kunnolla ja pilke silm\u00e4kulmassa.\u00a0 1988 1988Yrityksen perustaminen Veljens\u00e4 Petrin kautta Jyrki sai ensimm\u00e4iset kosketuksensa mainosalaan. Petrill\u00e4 oli \u00c4\u00e4nekoskella silkkipaino- ja mainostoimisto, jossa Jyrki toimi toisinaan apumiehen\u00e4. 29-vuotias Jyrki perusti Mainosty\u00f6t J. Ij\u00e4ksen vuonna1988.Aluksi yritt\u00e4minen oli\u00a0 vain osa-aikaista , sill\u00e4 Jyrkill\u00e4 oli vakituinen ty\u00f6 Kinkomaan sairaalassa sairaanhoitajana.\u00a0 1991Lama-aika Vuonna 1991 Jyrki irtisanoutui vakituisesta ty\u00f6st\u00e4\u00e4n.Petri myi teippaus -osuuden yrityksest\u00e4\u00e4n Jyrkille, ja toiminta jatkui Teollisuuskadulla \u00c4\u00e4nekoskella samoissa tiloissa.Alku oli hankalaa, t\u00f6it\u00e4 ei ollut 1990-luvun alun laman vuoksi ja\u00a0 kaikessa piti s\u00e4\u00e4st\u00e4\u00e4. 1994Jaana tuli taloon Jyrkin vaimo Jaana aloitti yrityksess\u00e4 vuonna 1994.Oppia yritt\u00e4miseen ja mainosalaan oli saatu graafisen alan yritt\u00e4j\u00e4kurssilta. Toimistoty\u00f6t olivat tuttuja jo aikaisemmista ty\u00f6paikoista, mutta muut ty\u00f6t, kuten tarrojen &#8221;kuoriminen&#8221; ja opasteiden valmistus, opeteltiin ty\u00f6t\u00e4 tekem\u00e4ll\u00e4. 1995Ensimm\u00e4iset ty\u00f6ntekij\u00e4t Tilanne helpottui pikkuhiljaa 90-luvun puoliv\u00e4liss\u00e4. Ensimm\u00e4iset ty\u00f6ntekij\u00e4t palkattiin ja hankittiin uudemman aikainen tarraleikkuri ja my\u00f6hemmin ensimm\u00e4inen suurkuvatulostin. Asiakkaaksi saatiin kaupan keskusliikkeit\u00e4, joiden myym\u00e4l\u00e4milj\u00f6it\u00e4 ryhdyttiin uudistamaan.\u00a0 2001Vuosituhannen alku Mikolle kirjoitettiin vakituinen ty\u00f6sopimus, olihan h\u00e4n ollut aikaisempinakin vuosina monta kertaa ty\u00f6harjoittelussa. Mikko viihtyy edelleen keikkahommissa yli 20-vuoden j\u00e4lkeenkin.\u00a0 2010Isoja investointeja Yrityksen suurin investointi tehtiin vuonna 2010, jolloin hankittiin uusi isompi suurkuvatulostin ja tasolaminaattori. Tuotevalikoimaa pystyttiin laajentamaan ja ty\u00f6nkulkua tehostamaan. Marika aloitti mainosty\u00f6ntekij\u00e4n uransa v. 2007 ty\u00f6harjoittelun merkeiss\u00e4 ja h\u00e4nelle kirjoitettiin vakituinen ty\u00f6sopimus v.2010.\u00a0\u00a0 2016-2019Muutosten tuulia Talvella 2016 Marika halusi muutosta ty\u00f6el\u00e4m\u00e4\u00e4ns\u00e4 ja vaihtoi mainosteippaajan uransa baarimikko-tarjoilijaksi.\u00a0 2018 Pitk\u00e4aikainen ty\u00f6ntekij\u00e4 Ari vaihtoi my\u00f6s ty\u00f6paikkaa ja tilalle saapui Jarkko.\u00a0 Kes\u00e4ll\u00e4 2019 suuresta suurkuvatulostimesta luovuttiin ja tilalle tuli\u00a0 kustannustehokas Epson Surecolor SC-S80600, jolla saamme tulostettua jopa 10 eri v\u00e4ri\u00e4, my\u00f6s valkoisen.\u00a0 Syksyll\u00e4 2019 Jaana p\u00e4\u00e4tti lopettaa n. 20-vuotta kest\u00e4neen mainosuransa ja h\u00e4nen tilalleen saapui ns. vanha konkari Marika. Kev\u00e4\u00e4ll\u00e4 2020 Jarkko muutti Etel\u00e4-Suomeen opiskelemaan. 2020Uusi suurkuvatulostin ja tarraleikkuri Syksyll\u00e4 2020 p\u00e4\u00e4timme tehostaa tuotantoamme ja vaihdoimme\u00a0 vuonna 2012 ostetun tulostimen uudempaan. Lis\u00e4ksi investoimme\u00a0 SummaCut D140 tarraleikkuriin, jolla 140 cm leveiden materiaalien muotoon leikkaaminen k\u00e4y todella helposti.Nyt saamme tehty\u00e4 viel\u00e4kin isompia ja yhten\u00e4isempi\u00e4 pintoja.\u00a0 2021Laserkaiverruskone Kes\u00e4ll\u00e4 2021 meille saapui \u00a0CO2 laserkaiverruskone. Laserkone sopii erinomaisesti monipuolisesti eri materiaalien merkkaukseen, kaivertamiseen tai leikkaamiseen. 2021Ty\u00f6ntekij\u00f6it\u00e4 tulee ja menee Vuonna 2021 Henna liittyi joukkoomme ty\u00f6harjoittelun kautta. Hennan l\u00e4hdetty\u00e4 vuoden lopussa, Jyrki, Marika ja Mikko\u00a0 &#8221;py\u00f6rittiv\u00e4t yrityst\u00e4&#8221; kolmeen pekkaan. Vuonna 2023 P\u00e4ivi saapui taloomme ty\u00f6harjoittelun kautta. P\u00e4ivi sopeutui nopeasti porukkaamme ja h\u00e4nelle kirjoitettiin vakituinen ty\u00f6sopimus.\u00a0<\/p>\n","protected":false},"author":2,"featured_media":0,"parent":0,"menu_order":2,"comment_status":"closed","ping_status":"closed","template":"elementor_canvas","meta":{"footnotes":""},"class_list":["post-3323","page","type-page","status-publish","hentry"],"_links":{"self":[{"href":"https:\/\/mainostyot.fi\/index.php\/wp-json\/wp\/v2\/pages\/3323","targetHints":{"allow":["GET"]}}],"collection":[{"href":"https:\/\/mainostyot.fi\/index.php\/wp-json\/wp\/v2\/pages"}],"about":[{"href":"https:\/\/mainostyot.fi\/index.php\/wp-json\/wp\/v2\/types\/page"}],"author":[{"embeddable":true,"href":"https:\/\/mainostyot.fi\/index.php\/wp-json\/wp\/v2\/users\/2"}],"replies":[{"embeddable":true,"href":"https:\/\/mainostyot.fi\/index.php\/wp-json\/wp\/v2\/comments?post=3323"}],"version-history":[{"count":0,"href":"https:\/\/mainostyot.fi\/index.php\/wp-json\/wp\/v2\/pages\/3323\/revisions"}],"wp:attachment":[{"href":"https:\/\/mainostyot.fi\/index.php\/wp-json\/wp\/v2\/media?parent=3323"}],"curies":[{"name":"wp","href":"https:\/\/api.w.org\/{rel}","templated":true}]}}